{"id":15590,"date":"2024-05-24T19:56:07","date_gmt":"2024-05-24T19:56:07","guid":{"rendered":"http:\/\/citymaxinvest.com\/?page_id=15590"},"modified":"2024-06-13T11:45:39","modified_gmt":"2024-06-13T11:45:39","slug":"projemiz","status":"publish","type":"page","link":"https:\/\/citymaxinvest.com\/?page_id=15590","title":{"rendered":"Projelerimiz"},"content":{"rendered":"<p>[vc_row css_animation=&#8221;&#8221; row_type=&#8221;row&#8221; use_row_as_full_screen_section=&#8221;no&#8221; type=&#8221;grid&#8221; angled_section=&#8221;no&#8221; text_align=&#8221;left&#8221; background_image_as_pattern=&#8221;without_pattern&#8221; padding_top=&#8221;90&#8243; padding_bottom=&#8221;90&#8243; anchor=&#8221;portfolio&#8221; background_color=&#8221;#3b494a&#8221; z_index=&#8221;&#8221;][vc_column width=&#8221;1\/2&#8243;][vc_column_text]<\/p>\n<h3 style=\"text-align: left;\">Proje Genel Bilgileri<\/h3>\n<p>[\/vc_column_text][vc_separator type=&#8221;transparent&#8221; up=&#8221;60&#8243; down=&#8221;0&#8243;][vc_column_text]<\/p>\n<table width=\"363\">\n<tbody>\n<tr>\n<td style=\"text-align: left;\" width=\"107\">Proje Ad\u0131<\/td>\n<td style=\"text-align: left;\" width=\"256\">: Nova Park Konutlar\u0131<\/td>\n<\/tr>\n<tr>\n<td style=\"text-align: left;\">Proje Adresi<\/td>\n<td style=\"text-align: left;\">: G\u00f6ksu Mah. Kepez \/ ANTALYA<\/td>\n<\/tr>\n<tr>\n<td style=\"text-align: left;\">\u0130n\u015faat Alan\u0131<\/td>\n<td style=\"text-align: left;\">: 6.000 m\u00b2<\/td>\n<\/tr>\n<tr>\n<td style=\"text-align: left;\">Konut Say\u0131s\u0131<\/td>\n<td style=\"text-align: left;\">: 54 Daire<\/td>\n<\/tr>\n<tr>\n<td style=\"text-align: left;\">Proje Ba\u015flang\u0131\u00e7<\/td>\n<td style=\"text-align: left;\">: 01.08.2024<\/td>\n<\/tr>\n<tr>\n<td style=\"text-align: left;\">Proje Biti\u015f<\/td>\n<td style=\"text-align: left;\">: 01.08.2026<\/td>\n<\/tr>\n<\/tbody>\n<\/table>\n<p>[\/vc_column_text][\/vc_column][vc_column width=&#8221;1\/2&#8243;][vc_single_image image=&#8221;15543&#8243; img_size=&#8221;400*393&#8243; alignment=&#8221;center&#8221; style=&#8221;vc_box_rounded&#8221; qode_css_animation=&#8221;element_from_left&#8221; transition_delay=&#8221;0.2&#8243;][\/vc_column][\/vc_row][vc_row css_animation=&#8221;&#8221; row_type=&#8221;row&#8221; use_row_as_full_screen_section=&#8221;no&#8221; type=&#8221;grid&#8221; angled_section=&#8221;no&#8221; text_align=&#8221;left&#8221; background_image_as_pattern=&#8221;without_pattern&#8221; padding_top=&#8221;90&#8243; padding_bottom=&#8221;90&#8243; anchor=&#8221;portfolio&#8221; background_color=&#8221;#3b434a&#8221; z_index=&#8221;&#8221;][vc_column width=&#8221;1\/2&#8243;][vc_single_image image=&#8221;15543&#8243; img_size=&#8221;400*393&#8243; alignment=&#8221;center&#8221; style=&#8221;vc_box_rounded&#8221; qode_css_animation=&#8221;element_from_left&#8221; transition_delay=&#8221;0.2&#8243;][vc_separator type=&#8221;transparent&#8221; up=&#8221;60&#8243; down=&#8221;0&#8243;][\/vc_column][vc_column width=&#8221;1\/2&#8243;][vc_column_text]<\/p>\n<h3 style=\"text-align: left;\">Site \u00f6zellikleri<\/h3>\n<p>[\/vc_column_text][vc_separator type=&#8221;transparent&#8221; down=&#8221;0&#8243; up=&#8221;12&#8243;][vc_column_text]Asans\u00f6r<\/p>\n<p>7\/24 G\u00fcvenlik<\/p>\n<p>Kamelya<\/p>\n<p>A\u00e7\u0131k \/ Kapal\u0131 Otopark<\/p>\n<p>Y\u00fczme Havuzu<\/p>\n<p>\u00c7ocuk Havuzu<\/p>\n<p>Jenerat\u00f6r<\/p>\n<p>Ye\u015fil Alan[\/vc_column_text][\/vc_column][\/vc_row][vc_row css_animation=&#8221;&#8221; row_type=&#8221;row&#8221; use_row_as_full_screen_section=&#8221;no&#8221; type=&#8221;grid&#8221; angled_section=&#8221;no&#8221; text_align=&#8221;left&#8221; background_image_as_pattern=&#8221;without_pattern&#8221; padding_top=&#8221;90&#8243; padding_bottom=&#8221;90&#8243; anchor=&#8221;portfolio&#8221; background_color=&#8221;#3b494a&#8221; z_index=&#8221;&#8221;][vc_column width=&#8221;1\/2&#8243;][vc_column_text]<\/p>\n<h3 style=\"text-align: left;\">Daire \u00f6zellikleri<\/h3>\n<p>[\/vc_column_text][vc_separator type=&#8221;transparent&#8221; up=&#8221;60&#8243; down=&#8221;0&#8243;][vc_column_text]PVC \u00c7ift cam<\/p>\n<p>\u00c7elik Kap\u0131<\/p>\n<p>Ayr\u0131 Mutfak<\/p>\n<p>Lake Mutfak Dolab\u0131<\/p>\n<p>\u00c7imstone Mutfak Tezgah\u0131<\/p>\n<p>1. S\u0131n\u0131f Granit Seramik Zemin Kaplama<\/p>\n<p>Balkon<\/p>\n<p>Ebeveyn banyo<\/p>\n<p>Do\u011falgaz altyap\u0131s\u0131<\/p>\n<p>G\u00fcne\u015f enerjisine uyumlu altyap\u0131[\/vc_column_text][\/vc_column][vc_column width=&#8221;1\/2&#8243;][vc_single_image image=&#8221;15543&#8243; img_size=&#8221;400*393&#8243; alignment=&#8221;center&#8221; style=&#8221;vc_box_rounded&#8221; qode_css_animation=&#8221;element_from_left&#8221; transition_delay=&#8221;0.2&#8243;][\/vc_column][\/vc_row][vc_row css_animation=&#8221;&#8221; row_type=&#8221;row&#8221; use_row_as_full_screen_section=&#8221;no&#8221; type=&#8221;grid&#8221; angled_section=&#8221;no&#8221; text_align=&#8221;left&#8221; background_image_as_pattern=&#8221;without_pattern&#8221; padding_top=&#8221;90&#8243; padding_bottom=&#8221;60&#8243; anchor=&#8221;portfolio&#8221; background_color=&#8221;#3b434a&#8221; z_index=&#8221;&#8221;][vc_column width=&#8221;1\/2&#8243;][vc_single_image image=&#8221;15543&#8243; img_size=&#8221;400*393&#8243; alignment=&#8221;center&#8221; style=&#8221;vc_box_rounded&#8221; qode_css_animation=&#8221;element_from_left&#8221; transition_delay=&#8221;0.2&#8243;][vc_separator type=&#8221;transparent&#8221; up=&#8221;60&#8243; down=&#8221;0&#8243;][\/vc_column][vc_column width=&#8221;1\/2&#8243;][vc_column_text]<\/p>\n<h3 style=\"text-align: left;\">Konum \u00f6zellikleri<\/h3>\n<p>[\/vc_column_text][vc_separator type=&#8221;transparent&#8221; down=&#8221;0&#8243; up=&#8221;12&#8243;][vc_column_text]<\/p>\n<table width=\"363\">\n<tbody>\n<tr>\n<td style=\"text-align: left;\" width=\"107\">Havaalan\u0131<\/td>\n<td style=\"text-align: left;\" width=\"256\">: 3 km<\/td>\n<\/tr>\n<tr>\n<td style=\"text-align: left;\">Deniz<\/td>\n<td style=\"text-align: left;\">: 10 km<\/td>\n<\/tr>\n<tr>\n<td style=\"text-align: left;\">Toplu Ula\u015f\u0131m<\/td>\n<td style=\"text-align: left;\">: 500 m<\/td>\n<\/tr>\n<tr>\n<td style=\"text-align: left;\">Al\u0131\u015fveri\u015f Merkezleri<\/td>\n<td style=\"text-align: left;\">: 2 km<\/td>\n<\/tr>\n<tr>\n<td style=\"text-align: left;\">\u015eehir Merkezi<\/td>\n<td style=\"text-align: left;\">: 3 km<\/td>\n<\/tr>\n<\/tbody>\n<\/table>\n<p>[\/vc_column_text][\/vc_column][\/vc_row][vc_row css_animation=&#8221;&#8221; row_type=&#8221;row&#8221; use_row_as_full_screen_section=&#8221;no&#8221; type=&#8221;grid&#8221; angled_section=&#8221;no&#8221; text_align=&#8221;left&#8221; background_image_as_pattern=&#8221;without_pattern&#8221; padding_top=&#8221;90&#8243; padding_bottom=&#8221;90&#8243; anchor=&#8221;portfolio&#8221; background_color=&#8221;#3b494a&#8221; z_index=&#8221;&#8221;][vc_column width=&#8221;1\/3&#8243;][vc_column_text]<\/p>\n<div class=\"wpb_text_column wpb_content_element \" style=\"text-align: center;\">\n<div class=\"wpb_wrapper\">\n<p><strong>D\u0131\u015f Cephe G\u00f6rselleri<\/strong><\/p>\n<\/div>\n<\/div>\n<p>[\/vc_column_text][vc_separator type=&#8221;transparent&#8221; up=&#8221;15&#8243; down=&#8221;0&#8243;][vc_single_image image=&#8221;15767&#8243; img_size=&#8221;400*300&#8243; alignment=&#8221;center&#8221; style=&#8221;vc_box_rounded&#8221; onclick=&#8221;custom_link&#8221; qode_css_animation=&#8221;&#8221; qode_hover_animation=&#8221;zoom_in&#8221; link=&#8221;http:\/\/citymaxinvest.com\/?page_id=15630&#8243;][\/vc_column][vc_column width=&#8221;1\/3&#8243;][vc_column_text]<\/p>\n<div class=\"wpb_text_column wpb_content_element \" style=\"text-align: center;\">\n<div class=\"wpb_wrapper\">\n<p><strong>\u0130\u00e7 Mekan G\u00f6rselleri <\/strong><em>(2+1 daire)<\/em><\/p>\n<\/div>\n<\/div>\n<p>[\/vc_column_text][vc_separator type=&#8221;transparent&#8221; up=&#8221;15&#8243; down=&#8221;0&#8243;][vc_single_image image=&#8221;15766&#8243; img_size=&#8221;400*300&#8243; alignment=&#8221;center&#8221; style=&#8221;vc_box_rounded&#8221; onclick=&#8221;custom_link&#8221; qode_css_animation=&#8221;&#8221; qode_hover_animation=&#8221;zoom_in&#8221; link=&#8221;http:\/\/citymaxinvest.com\/?page_id=15608&#8243;][\/vc_column][vc_column width=&#8221;1\/3&#8243;][vc_column_text]<\/p>\n<div class=\"wpb_text_column wpb_content_element \" style=\"text-align: center;\">\n<div class=\"wpb_wrapper\">\n<p><strong>\u0130\u00e7 Mekan G\u00f6rselleri <\/strong><em>(3+1 daire)<\/em><\/p>\n<\/div>\n<\/div>\n<p>[\/vc_column_text][vc_separator type=&#8221;transparent&#8221; up=&#8221;15&#8243; down=&#8221;0&#8243;][vc_single_image image=&#8221;15765&#8243; img_size=&#8221;400*300&#8243; alignment=&#8221;center&#8221; style=&#8221;vc_box_rounded&#8221; onclick=&#8221;custom_link&#8221; qode_css_animation=&#8221;&#8221; qode_hover_animation=&#8221;zoom_in&#8221; link=&#8221;http:\/\/citymaxinvest.com\/?page_id=15719&#8243;][\/vc_column][\/vc_row]<\/p>\n","protected":false},"excerpt":{"rendered":"<p>[vc_row css_animation=&#8221;&#8221; row_type=&#8221;row&#8221; use_row_as_full_screen_section=&#8221;no&#8221; type=&#8221;grid&#8221; angled_section=&#8221;no&#8221; text_align=&#8221;left&#8221; background_image_as_pattern=&#8221;without_pattern&#8221; padding_top=&#8221;90&#8243; padding_bottom=&#8221;90&#8243; anchor=&#8221;portfolio&#8221; background_color=&#8221;#3b494a&#8221; z_index=&#8221;&#8221;][vc_column width=&#8221;1\/2&#8243;][vc_column_text] Proje Genel Bilgileri [\/vc_column_text][vc_separator type=&#8221;transparent&#8221; up=&#8221;60&#8243; down=&#8221;0&#8243;][vc_column_text] Proje Ad\u0131 : Nova Park Konutlar\u0131 Proje Adresi : G\u00f6ksu Mah. Kepez \/ ANTALYA \u0130n\u015faat Alan\u0131 : 6.000 m\u00b2 Konut Say\u0131s\u0131 : 54 Daire&#8230;<\/p>\n","protected":false},"author":1,"featured_media":0,"parent":0,"menu_order":0,"comment_status":"open","ping_status":"open","template":"full_width.php","meta":{"inline_featured_image":false,"footnotes":""},"class_list":["post-15590","page","type-page","status-publish","hentry"],"_links":{"self":[{"href":"https:\/\/citymaxinvest.com\/index.php?rest_route=\/wp\/v2\/pages\/15590","targetHints":{"allow":["GET"]}}],"collection":[{"href":"https:\/\/citymaxinvest.com\/index.php?rest_route=\/wp\/v2\/pages"}],"about":[{"href":"https:\/\/citymaxinvest.com\/index.php?rest_route=\/wp\/v2\/types\/page"}],"author":[{"embeddable":true,"href":"https:\/\/citymaxinvest.com\/index.php?rest_route=\/wp\/v2\/users\/1"}],"replies":[{"embeddable":true,"href":"https:\/\/citymaxinvest.com\/index.php?rest_route=%2Fwp%2Fv2%2Fcomments&post=15590"}],"version-history":[{"count":24,"href":"https:\/\/citymaxinvest.com\/index.php?rest_route=\/wp\/v2\/pages\/15590\/revisions"}],"predecessor-version":[{"id":15792,"href":"https:\/\/citymaxinvest.com\/index.php?rest_route=\/wp\/v2\/pages\/15590\/revisions\/15792"}],"wp:attachment":[{"href":"https:\/\/citymaxinvest.com\/index.php?rest_route=%2Fwp%2Fv2%2Fmedia&parent=15590"}],"curies":[{"name":"wp","href":"https:\/\/api.w.org\/{rel}","templated":true}]}}